{"id":15,"date":"2020-07-21T14:41:32","date_gmt":"2020-07-21T14:41:32","guid":{"rendered":"http:\/\/rodinamarkova.cz\/?page_id=15"},"modified":"2020-08-25T15:59:10","modified_gmt":"2020-08-25T13:59:10","slug":"blog","status":"publish","type":"page","link":"https:\/\/rodinamarkova.cz\/index.php\/blog\/","title":{"rendered":"Blog"},"content":{"rendered":"<ul class=\"wp-block-latest-posts__list wp-block-latest-posts\"><li><a href=\"https:\/\/rodinamarkova.cz\/index.php\/2022\/04\/28\/pomocne-planky\/\">Chr\u00e1n\u011bno: Pomocne planky<\/a><\/li>\n<li><a href=\"https:\/\/rodinamarkova.cz\/index.php\/2022\/04\/11\/stavebni-denik-casova-osa\/\">Chr\u00e1n\u011bno: Stavebn\u00ed den\u00edk &#8211; \u010dasov\u00e1 osa<\/a><\/li>\n<li><a href=\"https:\/\/rodinamarkova.cz\/index.php\/2020\/11\/21\/jak-to-bude-asi-vypadat\/\">Chr\u00e1n\u011bno: Jak to bude asi vypadat<\/a><\/li>\n<li><a href=\"https:\/\/rodinamarkova.cz\/index.php\/2020\/11\/19\/zacatek-konec-mame-pozemek-sranda-zacina\/\">Chr\u00e1n\u011bno: Za\u010d\u00e1tek &#8211; KONEC = m\u00e1me pozemek, sranda za\u010d\u00edn\u00e1<\/a><\/li>\n<li><a href=\"https:\/\/rodinamarkova.cz\/index.php\/2020\/10\/02\/zacatek-snad-uz-konec\/\">Chr\u00e1n\u011bno: Za\u010d\u00e1tek &#8211; snad u\u017e konec<\/a><\/li>\n<\/ul>","protected":false},"excerpt":{"rendered":"","protected":false},"author":1,"featured_media":0,"parent":0,"menu_order":0,"comment_status":"closed","ping_status":"closed","template":"","meta":[],"_links":{"self":[{"href":"https:\/\/rodinamarkova.cz\/index.php\/wp-json\/wp\/v2\/pages\/15"}],"collection":[{"href":"https:\/\/rodinamarkova.cz\/index.php\/wp-json\/wp\/v2\/pages"}],"about":[{"href":"https:\/\/rodinamarkova.cz\/index.php\/wp-json\/wp\/v2\/types\/page"}],"author":[{"embeddable":true,"href":"https:\/\/rodinamarkova.cz\/index.php\/wp-json\/wp\/v2\/users\/1"}],"replies":[{"embeddable":true,"href":"https:\/\/rodinamarkova.cz\/index.php\/wp-json\/wp\/v2\/comments?post=15"}],"version-history":[{"count":2,"href":"https:\/\/rodinamarkova.cz\/index.php\/wp-json\/wp\/v2\/pages\/15\/revisions"}],"predecessor-version":[{"id":55,"href":"https:\/\/rodinamarkova.cz\/index.php\/wp-json\/wp\/v2\/pages\/15\/revisions\/55"}],"wp:attachment":[{"href":"https:\/\/rodinamarkova.cz\/index.php\/wp-json\/wp\/v2\/media?parent=15"}],"curies":[{"name":"wp","href":"https:\/\/api.w.org\/{rel}","templated":true}]}}